{"id":108,"date":"2023-11-14T17:19:48","date_gmt":"2023-11-14T17:19:48","guid":{"rendered":"https:\/\/gruene-gewerke.fau.org\/?page_id=108"},"modified":"2025-07-20T08:42:35","modified_gmt":"2025-07-20T08:42:35","slug":"links","status":"publish","type":"page","link":"https:\/\/gruene-gewerke.fau.org\/?page_id=108","title":{"rendered":"Links"},"content":{"rendered":"<h2>Gewerkschaftsf\u00f6deration<\/h2>\n<ul>\n<li><a href=\"https:\/\/www.fau.org\/\">Freie Arbeiter:innen Union, Bundesf\u00f6deration<\/a><\/li>\n<li><a href=\"https:\/\/www.iclcit.org\/\">Unsere Internationale: International Confederation of Labour (ICL<\/a><a href=\"https:\/\/www.iclcit.org\/\">)<\/a><\/li>\n<li><a href=\"https:\/\/direkteaktion.org\/gruene-gewerke-in-die-icl\/\">Essay: Gr\u00fcne Gewerke in die ICL!<\/a><\/li>\n<\/ul>\n<h2>Arbeitsschutz<\/h2>\n<ul>\n<li><a href=\"https:\/\/www.svlfg.de\/einzelfallcoaching\">psychologische Notfallbetreuung der Berufsgenossenschaft<\/a> (kostenlos, anonym bis zu 6 Monate)<\/li>\n<\/ul>\n<h2>Saisonarbeit und Internationalismus<\/h2>\n<ul>\n<li><a href=\"https:\/\/www.colsiba.org\/sitrapbi\/\">Bananenplantagengewerkschaft SITRAPBI in Panama<\/a><\/li>\n<li><a href=\"https:\/\/www.interbrigadas.org\/\">Interbrigadas, deutsche Organisation die spanische Landarbeiter:innen unterst\u00fctzt<\/a><\/li>\n<li><a href=\"https:\/\/jornalerasenlucha.org\/\">Landarbeiter:innen-Initiative Jornaleras en lucha, Huelva, Spanien<\/a><\/li>\n<li><a href=\"https:\/\/sindicatoandaluz.info\/\">Landarbeiter:innengewerkschaft SOC-SAT in Almeria, Andalusien, Spanien<\/a><\/li>\n<li><a href=\"https:\/\/www.iww.or.at\/kontakt\/branchenkontakte\/\">Landwirtschaftssektion unserer Schwesterngewerkschaft IWW, \u00d6sterreich<\/a><\/li>\n<li><a href=\"https:\/\/faunion.ch\/bhl\">Landwirtschaft- und Gartenbausektion der FAU Schweiz<\/a><\/li>\n<li><a href=\"https:\/\/migranti-org.net\/\">Migranti-Org, Unterst\u00fctzung und Solidarit\u00e4t f\u00fcr Arbeitsmigrant:innen in Europa<\/a><\/li>\n<li><a href=\"https:\/\/www.fgwm-solidarity.org\/de\/home-3\/\">Solidarit\u00e4t mit der Federation of General Workers Myanmar<\/a><\/li>\n<\/ul>\n<h2>Landwirtschaft und Gem\u00fcsebau<\/h2>\n<ul>\n<li><a href=\"https:\/\/ackersyndikat.org\/\">Ackersyndikat<\/a><\/li>\n<li><a href=\"https:\/\/www.abl-ev.de\/start\">Arbeitsgemeinschaft b\u00e4uerliche Landwirtschaft<\/a> (klassen\u00fcbergreifend)<\/li>\n<li><a href=\"https:\/\/www.solidarische-landwirtschaft.org\/das-netzwerk\/arbeitsbedingungen\">Arbeitskreis Arbeitsbedingungen des Netzwerks Solidarische Landwirtschaft<\/a><\/li>\n<li><a href=\"https:\/\/commonecologies.net\/\">Common Ecologies<\/a><\/li>\n<li><a href=\"https:\/\/elannetzwerk.wordpress.com\/\">Emanzipatorisches Landwirtschaftsnetzwerk (ELAN)<\/a><\/li>\n<li><a href=\"https:\/\/biozyklisch-vegan.org\/\">F\u00f6rderkreis biozyklisch-veganer Anbau<\/a><\/li>\n<li><a href=\"https:\/\/www.junge-abl.de\/startseite\">junge Arbeitsgemeinschaft b\u00e4uerliche Landwirtschaft<\/a> (v.a. Angestellte, AzuBis, Studierende)<\/li>\n<li><a href=\"http:\/\/www.zugangzuland.de\/\">Netzwerk Fl\u00e4chensicherung<\/a><\/li>\n<li><a href=\"https:\/\/viacampesina.org\/en\/\">La Via Campesina<\/a> (weltweit)<\/li>\n<\/ul>\n<h2>Gartenbau<\/h2>\n<ul>\n<li><a href=\"https:\/\/www.baseg.org\/\">Arbeitsgemeinschaft selbstverwalteter Gartenbaubetriebe<\/a><\/li>\n<\/ul>\n<p>&nbsp;<\/p>\n","protected":false},"excerpt":{"rendered":"<p>Gewerkschaftsf\u00f6deration Freie Arbeiter:innen Union, Bundesf\u00f6deration Unsere Internationale: International Confederation of Labour (ICL) Essay: Gr\u00fcne Gewerke in die ICL! Arbeitsschutz psychologische Notfallbetreuung der Berufsgenossenschaft (kostenlos, anonym bis zu 6 Monate) Saisonarbeit und Internationalismus Bananenplantagengewerkschaft SITRAPBI in Panama Interbrigadas, deutsche Organisation die spanische Landarbeiter:innen unterst\u00fctzt Landarbeiter:innen-Initiative Jornaleras en lucha, Huelva, Spanien Landarbeiter:innengewerkschaft SOC-SAT in Almeria, Andalusien, Spanien &hellip; <\/p>\n<p class=\"link-more\"><a href=\"https:\/\/gruene-gewerke.fau.org\/?page_id=108\" class=\"more-link\"><span class=\"screen-reader-text\">\u201eLinks\u201c <\/span>weiterlesen<\/a><\/p>\n","protected":false},"author":1,"featured_media":0,"parent":0,"menu_order":0,"comment_status":"closed","ping_status":"closed","template":"","meta":{"footnotes":""},"class_list":["post-108","page","type-page","status-publish","hentry"],"_links":{"self":[{"href":"https:\/\/gruene-gewerke.fau.org\/index.php?rest_route=\/wp\/v2\/pages\/108","targetHints":{"allow":["GET"]}}],"collection":[{"href":"https:\/\/gruene-gewerke.fau.org\/index.php?rest_route=\/wp\/v2\/pages"}],"about":[{"href":"https:\/\/gruene-gewerke.fau.org\/index.php?rest_route=\/wp\/v2\/types\/page"}],"author":[{"embeddable":true,"href":"https:\/\/gruene-gewerke.fau.org\/index.php?rest_route=\/wp\/v2\/users\/1"}],"replies":[{"embeddable":true,"href":"https:\/\/gruene-gewerke.fau.org\/index.php?rest_route=%2Fwp%2Fv2%2Fcomments&post=108"}],"version-history":[{"count":12,"href":"https:\/\/gruene-gewerke.fau.org\/index.php?rest_route=\/wp\/v2\/pages\/108\/revisions"}],"predecessor-version":[{"id":490,"href":"https:\/\/gruene-gewerke.fau.org\/index.php?rest_route=\/wp\/v2\/pages\/108\/revisions\/490"}],"wp:attachment":[{"href":"https:\/\/gruene-gewerke.fau.org\/index.php?rest_route=%2Fwp%2Fv2%2Fmedia&parent=108"}],"curies":[{"name":"wp","href":"https:\/\/api.w.org\/{rel}","templated":true}]}}