{"id":248,"date":"2024-04-23T16:20:35","date_gmt":"2024-04-23T16:20:35","guid":{"rendered":"https:\/\/gruene-gewerke.fau.org\/?page_id=248"},"modified":"2024-05-10T10:12:57","modified_gmt":"2024-05-10T10:12:57","slug":"arbeitsrecht-verschiedene-sprachen","status":"publish","type":"page","link":"https:\/\/gruene-gewerke.fau.org\/?page_id=248","title":{"rendered":"Arbeitsrecht, verschiedene Sprachen"},"content":{"rendered":"<p>Hier bieten wir euch Flyer in verschiedenen Sprachen, die ihr ausdrucken k\u00f6nnt, um Kolleg:innen \u00fcber ihre wichtigsten Rechte zu informieren.<\/p>\n<ul>\n<li style=\"list-style-type: none;\">\n<ul>\n<li><a href=\"https:\/\/gruene-gewerke.fau.org\/wp-content\/uploads\/2024\/04\/Arbeitsrecht-rumaenisch.pdf\">Flyer rum\u00e4nisch<\/a><\/li>\n<li><a href=\"https:\/\/gruene-gewerke.fau.org\/wp-content\/uploads\/2024\/05\/bulgarisch-1.pdf\">Flyer bulgarisch<\/a><\/li>\n<li><a href=\"https:\/\/gruene-gewerke.fau.org\/wp-content\/uploads\/2024\/04\/Arbeitsrecht-Polnisch-.pdf\">Flyer polnisch<\/a><\/li>\n<li><a href=\"https:\/\/gruene-gewerke.fau.org\/wp-content\/uploads\/2024\/04\/Arbeitsrecht-tschechisch.pdf\">Flyer tschechisch<\/a><\/li>\n<li><a href=\"https:\/\/gruene-gewerke.fau.org\/wp-content\/uploads\/2024\/04\/Arbeitsrecht-englisch.pdf\">Flyer englisch<\/a><\/li>\n<li><a href=\"https:\/\/gruene-gewerke.fau.org\/wp-content\/uploads\/2024\/04\/Arbeitsrecht-deutsch.pdf\">Flyer deutsch<\/a> (zur Nachvollziehbarkeit)<\/li>\n<\/ul>\n<\/li>\n<\/ul>\n<p>&nbsp;<\/p>\n","protected":false},"excerpt":{"rendered":"<p>Hier bieten wir euch Flyer in verschiedenen Sprachen, die ihr ausdrucken k\u00f6nnt, um Kolleg:innen \u00fcber ihre wichtigsten Rechte zu informieren. Flyer rum\u00e4nisch Flyer bulgarisch Flyer polnisch Flyer tschechisch Flyer englisch Flyer deutsch (zur Nachvollziehbarkeit) &nbsp;<\/p>\n","protected":false},"author":1,"featured_media":255,"parent":0,"menu_order":0,"comment_status":"closed","ping_status":"closed","template":"","meta":{"footnotes":""},"class_list":["post-248","page","type-page","status-publish","has-post-thumbnail","hentry"],"_links":{"self":[{"href":"https:\/\/gruene-gewerke.fau.org\/index.php?rest_route=\/wp\/v2\/pages\/248","targetHints":{"allow":["GET"]}}],"collection":[{"href":"https:\/\/gruene-gewerke.fau.org\/index.php?rest_route=\/wp\/v2\/pages"}],"about":[{"href":"https:\/\/gruene-gewerke.fau.org\/index.php?rest_route=\/wp\/v2\/types\/page"}],"author":[{"embeddable":true,"href":"https:\/\/gruene-gewerke.fau.org\/index.php?rest_route=\/wp\/v2\/users\/1"}],"replies":[{"embeddable":true,"href":"https:\/\/gruene-gewerke.fau.org\/index.php?rest_route=%2Fwp%2Fv2%2Fcomments&post=248"}],"version-history":[{"count":2,"href":"https:\/\/gruene-gewerke.fau.org\/index.php?rest_route=\/wp\/v2\/pages\/248\/revisions"}],"predecessor-version":[{"id":272,"href":"https:\/\/gruene-gewerke.fau.org\/index.php?rest_route=\/wp\/v2\/pages\/248\/revisions\/272"}],"wp:featuredmedia":[{"embeddable":true,"href":"https:\/\/gruene-gewerke.fau.org\/index.php?rest_route=\/wp\/v2\/media\/255"}],"wp:attachment":[{"href":"https:\/\/gruene-gewerke.fau.org\/index.php?rest_route=%2Fwp%2Fv2%2Fmedia&parent=248"}],"curies":[{"name":"wp","href":"https:\/\/api.w.org\/{rel}","templated":true}]}}