{"id":418,"date":"2025-04-27T11:06:04","date_gmt":"2025-04-27T11:06:04","guid":{"rendered":"https:\/\/gruene-gewerke.fau.org\/?page_id=418"},"modified":"2025-04-27T11:06:04","modified_gmt":"2025-04-27T11:06:04","slug":"wo-sind-wir","status":"publish","type":"page","link":"https:\/\/gruene-gewerke.fau.org\/?page_id=418","title":{"rendered":"Wo sind wir?"},"content":{"rendered":"<p>Wir nehmen neue Mitglieder in ganz Deutschland auf. Mitglied wirst du bei deinem n\u00e4chstliegenden allgemeinen FAU-Syndikat. Wenn du nicht wei\u00dft, wer f\u00fcr dich regional zust\u00e4ndig ist, schreib uns gerne eine Mail.<\/p>\n<p>Unsere Mitgliederbasis w\u00e4chst schnell und wir bem\u00fchen uns um den Aufbau von Orts- und Regionalstrukturen. Aber auch ohne bestehende regionale Strukturen ist unser Orgakreis immer f\u00fcr dich ansprechbar und du kannst dich mit dem IGG-Rundbrief und themenspezifischen Chatgruppen auf dem Laufenden halten und aktive Kolleg:innen kennen lernen.<\/p>\n<p><strong>Ortsstrukturen bestehen bereits in:<\/strong><\/p>\n<ul>\n<li>Dresden<\/li>\n<li>Freiburg<\/li>\n<li>Leipzig<\/li>\n<\/ul>\n<p><strong>Regionalstrukturen sind aktuell im Aufbau in:<\/strong><\/p>\n<ul>\n<li>Berlin-Brandenburg<\/li>\n<li>der Region Marburg-Witzenhausen-G\u00f6ttingen-Kassel<\/li>\n<li>dem Ruhrgebiet<\/li>\n<li>Sachsen<\/li>\n<\/ul>\n","protected":false},"excerpt":{"rendered":"<p>Wir nehmen neue Mitglieder in ganz Deutschland auf. Mitglied wirst du bei deinem n\u00e4chstliegenden allgemeinen FAU-Syndikat. Wenn du nicht wei\u00dft, wer f\u00fcr dich regional zust\u00e4ndig ist, schreib uns gerne eine Mail. Unsere Mitgliederbasis w\u00e4chst schnell und wir bem\u00fchen uns um den Aufbau von Orts- und Regionalstrukturen. Aber auch ohne bestehende regionale Strukturen ist unser Orgakreis &hellip; <\/p>\n<p class=\"link-more\"><a href=\"https:\/\/gruene-gewerke.fau.org\/?page_id=418\" class=\"more-link\"><span class=\"screen-reader-text\">\u201eWo sind wir?\u201c <\/span>weiterlesen<\/a><\/p>\n","protected":false},"author":1,"featured_media":0,"parent":9,"menu_order":0,"comment_status":"closed","ping_status":"closed","template":"","meta":{"footnotes":""},"class_list":["post-418","page","type-page","status-publish","hentry"],"_links":{"self":[{"href":"https:\/\/gruene-gewerke.fau.org\/index.php?rest_route=\/wp\/v2\/pages\/418","targetHints":{"allow":["GET"]}}],"collection":[{"href":"https:\/\/gruene-gewerke.fau.org\/index.php?rest_route=\/wp\/v2\/pages"}],"about":[{"href":"https:\/\/gruene-gewerke.fau.org\/index.php?rest_route=\/wp\/v2\/types\/page"}],"author":[{"embeddable":true,"href":"https:\/\/gruene-gewerke.fau.org\/index.php?rest_route=\/wp\/v2\/users\/1"}],"replies":[{"embeddable":true,"href":"https:\/\/gruene-gewerke.fau.org\/index.php?rest_route=%2Fwp%2Fv2%2Fcomments&post=418"}],"version-history":[{"count":1,"href":"https:\/\/gruene-gewerke.fau.org\/index.php?rest_route=\/wp\/v2\/pages\/418\/revisions"}],"predecessor-version":[{"id":419,"href":"https:\/\/gruene-gewerke.fau.org\/index.php?rest_route=\/wp\/v2\/pages\/418\/revisions\/419"}],"up":[{"embeddable":true,"href":"https:\/\/gruene-gewerke.fau.org\/index.php?rest_route=\/wp\/v2\/pages\/9"}],"wp:attachment":[{"href":"https:\/\/gruene-gewerke.fau.org\/index.php?rest_route=%2Fwp%2Fv2%2Fmedia&parent=418"}],"curies":[{"name":"wp","href":"https:\/\/api.w.org\/{rel}","templated":true}]}}