{"id":62,"date":"2023-11-14T13:17:03","date_gmt":"2023-11-14T13:17:03","guid":{"rendered":"https:\/\/gruene-gewerke.fau.org\/?page_id=62"},"modified":"2023-11-14T13:18:12","modified_gmt":"2023-11-14T13:18:12","slug":"mehr-als-nur-gewerkschaft-die-fau","status":"publish","type":"page","link":"https:\/\/gruene-gewerke.fau.org\/?page_id=62","title":{"rendered":"Mehr als nur Gewerkschaft: Die FAU"},"content":{"rendered":"<p>Die <span class=\"caps\">FAU<\/span> ist eine kleine F\u00f6deration von Basisgewerkschaften. Wir sind arbeitende Menschen wie du, wir wollen unsere gemeinsamen Rechte verteidigen und erweitern. Unsere Gruppen (Syndikate) gibt es in vielen St\u00e4dten in Deutschland. Wir sind basisdemokratisch organisiert, unabh\u00e4ngig von Staat und Parteien, das hei\u00dft wir lassen uns weder kaufen noch bestechen. Wir arbeiten in der Gewerkschaft freiwillig w\u00e4hrend unserer Freizeit. Unsere Mitgliedsbeitr\u00e4ge sind g\u00fcnstig, so dass sie sich jede:r leisten kann, eine erste Beratung immer kostenlos.<\/p>\n<p>Was die <span class=\"caps\">FAU<\/span> neben ihrer Ehrenamtlichkeit und ihren basisdemokratischen Strukturen von anderen Gewerkschaften unterscheidet, ist unser Anspruch \u00fcber den Kapitalismus hinaus zu denken. Im Kapitalismus entscheidet die Profitrate dar\u00fcber was unter welchen Bedingungen produziert wird. Der Erhalt des Planeten ist dabei genauso nachrangig, wie das Wohl der Arbeiter:innen und Verbraucher:innen. Der realexistierende Sozialismus, der im wesentlichen nur eine furchtbare, staatliche Variante des Kapitalismus war, hat viele entmutigt \u00fcber Alternativen nachzudenken. Doch wir brauchen Alternativen, weil der Kapitalismus unsere Lebensgrundlagen zerst\u00f6rt. In der <span class=\"caps\">FAU<\/span> finden wir uns deshalb als Besch\u00e4ftigte aus allen Wirtschaftsbereichen zusammen. Wir diskutieren, wie wir eine Wirtschaft und Gesellschaft schaffen k\u00f6nnen, in der Bed\u00fcrfnisse von Menschen und Natur im Vordergrund stehen. Da solche Ver\u00e4nderungen nur weltweit gedacht werden k\u00f6nnen, organisieren wir uns in der Internationalen Konf\u00f6deration der Arbeiter:innen (<span class=\"caps\">ICL<\/span>) mit anderen Arbeiter:innen.<\/p>\n","protected":false},"excerpt":{"rendered":"<p>Die FAU ist eine kleine F\u00f6deration von Basisgewerkschaften. Wir sind arbeitende Menschen wie du, wir wollen unsere gemeinsamen Rechte verteidigen und erweitern. Unsere Gruppen (Syndikate) gibt es in vielen St\u00e4dten in Deutschland. Wir sind basisdemokratisch organisiert, unabh\u00e4ngig von Staat und Parteien, das hei\u00dft wir lassen uns weder kaufen noch bestechen. Wir arbeiten in der Gewerkschaft &hellip; <\/p>\n<p class=\"link-more\"><a href=\"https:\/\/gruene-gewerke.fau.org\/?page_id=62\" class=\"more-link\"><span class=\"screen-reader-text\">\u201eMehr als nur Gewerkschaft: Die FAU\u201c <\/span>weiterlesen<\/a><\/p>\n","protected":false},"author":1,"featured_media":0,"parent":9,"menu_order":0,"comment_status":"closed","ping_status":"closed","template":"","meta":{"footnotes":""},"class_list":["post-62","page","type-page","status-publish","hentry"],"_links":{"self":[{"href":"https:\/\/gruene-gewerke.fau.org\/index.php?rest_route=\/wp\/v2\/pages\/62","targetHints":{"allow":["GET"]}}],"collection":[{"href":"https:\/\/gruene-gewerke.fau.org\/index.php?rest_route=\/wp\/v2\/pages"}],"about":[{"href":"https:\/\/gruene-gewerke.fau.org\/index.php?rest_route=\/wp\/v2\/types\/page"}],"author":[{"embeddable":true,"href":"https:\/\/gruene-gewerke.fau.org\/index.php?rest_route=\/wp\/v2\/users\/1"}],"replies":[{"embeddable":true,"href":"https:\/\/gruene-gewerke.fau.org\/index.php?rest_route=%2Fwp%2Fv2%2Fcomments&post=62"}],"version-history":[{"count":1,"href":"https:\/\/gruene-gewerke.fau.org\/index.php?rest_route=\/wp\/v2\/pages\/62\/revisions"}],"predecessor-version":[{"id":63,"href":"https:\/\/gruene-gewerke.fau.org\/index.php?rest_route=\/wp\/v2\/pages\/62\/revisions\/63"}],"up":[{"embeddable":true,"href":"https:\/\/gruene-gewerke.fau.org\/index.php?rest_route=\/wp\/v2\/pages\/9"}],"wp:attachment":[{"href":"https:\/\/gruene-gewerke.fau.org\/index.php?rest_route=%2Fwp%2Fv2%2Fmedia&parent=62"}],"curies":[{"name":"wp","href":"https:\/\/api.w.org\/{rel}","templated":true}]}}