{"id":65,"date":"2023-11-14T13:21:06","date_gmt":"2023-11-14T13:21:06","guid":{"rendered":"https:\/\/gruene-gewerke.fau.org\/?page_id=65"},"modified":"2023-12-16T15:59:45","modified_gmt":"2023-12-16T15:59:45","slug":"kurz-knapp-arbeitsrecht","status":"publish","type":"page","link":"https:\/\/gruene-gewerke.fau.org\/?page_id=65","title":{"rendered":"Kurz &#038; Knapp: Arbeitsrecht"},"content":{"rendered":"<p>Viele Arbeiter:innen innerhalb und au\u00dferhalb der EU wollen in Deutschland schnell eine Arbeit finden. Das f\u00fchrt auch dazu, dass Bosse ihre Arbeiter:innen ausbeuten. Die Bosse denken, dass Ausl\u00e4nder weniger \u00fcber ihre Rechte Bescheid wissen und nutzen das teilweise aus. Dieser Flyer fasst die wichtigsten Infos zusammen.<\/p>\n<p>Wenn du das Gef\u00fchl hast, dass du ausgebeutet wirst oder unfair behandelt \u2013 bleibe nicht alleine damit! Die <span class=\"caps\">FAU<\/span> ist eine Gewerkschaft und kann dir helfen. Eine (erste) Beratung bei der <span class=\"caps\">FAU<\/span> ist immer kostenlos!<br \/>\nWenn du dann weitermachen willst, ist eine Mitgliedschaft nicht teuer (z.B. 5 Euro im Monat) und hilft dir dabei, dich zu wehren. Die <span class=\"caps\">FAU<\/span> ist eine Gewerkschaft in Deutschland, die Gruppen (Syndikate) in vielen St\u00e4dten hat.<\/p>\n","protected":false},"excerpt":{"rendered":"<p>Viele Arbeiter:innen innerhalb und au\u00dferhalb der EU wollen in Deutschland schnell eine Arbeit finden. Das f\u00fchrt auch dazu, dass Bosse ihre Arbeiter:innen ausbeuten. Die Bosse denken, dass Ausl\u00e4nder weniger \u00fcber ihre Rechte Bescheid wissen und nutzen das teilweise aus. Dieser Flyer fasst die wichtigsten Infos zusammen. Wenn du das Gef\u00fchl hast, dass du ausgebeutet wirst &hellip; <\/p>\n<p class=\"link-more\"><a href=\"https:\/\/gruene-gewerke.fau.org\/?page_id=65\" class=\"more-link\"><span class=\"screen-reader-text\">\u201eKurz &#038; Knapp: Arbeitsrecht\u201c <\/span>weiterlesen<\/a><\/p>\n","protected":false},"author":1,"featured_media":0,"parent":0,"menu_order":0,"comment_status":"closed","ping_status":"closed","template":"","meta":{"footnotes":""},"class_list":["post-65","page","type-page","status-publish","hentry"],"_links":{"self":[{"href":"https:\/\/gruene-gewerke.fau.org\/index.php?rest_route=\/wp\/v2\/pages\/65","targetHints":{"allow":["GET"]}}],"collection":[{"href":"https:\/\/gruene-gewerke.fau.org\/index.php?rest_route=\/wp\/v2\/pages"}],"about":[{"href":"https:\/\/gruene-gewerke.fau.org\/index.php?rest_route=\/wp\/v2\/types\/page"}],"author":[{"embeddable":true,"href":"https:\/\/gruene-gewerke.fau.org\/index.php?rest_route=\/wp\/v2\/users\/1"}],"replies":[{"embeddable":true,"href":"https:\/\/gruene-gewerke.fau.org\/index.php?rest_route=%2Fwp%2Fv2%2Fcomments&post=65"}],"version-history":[{"count":2,"href":"https:\/\/gruene-gewerke.fau.org\/index.php?rest_route=\/wp\/v2\/pages\/65\/revisions"}],"predecessor-version":[{"id":121,"href":"https:\/\/gruene-gewerke.fau.org\/index.php?rest_route=\/wp\/v2\/pages\/65\/revisions\/121"}],"wp:attachment":[{"href":"https:\/\/gruene-gewerke.fau.org\/index.php?rest_route=%2Fwp%2Fv2%2Fmedia&parent=65"}],"curies":[{"name":"wp","href":"https:\/\/api.w.org\/{rel}","templated":true}]}}