{"id":75,"date":"2023-11-14T13:27:25","date_gmt":"2023-11-14T13:27:25","guid":{"rendered":"https:\/\/gruene-gewerke.fau.org\/?page_id=75"},"modified":"2023-11-14T13:27:25","modified_gmt":"2023-11-14T13:27:25","slug":"kuendigung","status":"publish","type":"page","link":"https:\/\/gruene-gewerke.fau.org\/?page_id=75","title":{"rendered":"K\u00fcndigung"},"content":{"rendered":"<p><em>Achtung, wir geben hier nur einen kurzen \u00dcberblick \u00fcber die wichtigsten, generellen Regeln, dass ersetzt keine juristische Beratung und es gibt oft Ausnahmen von der Regel. Wenn du das Gef\u00fchl hast, um deine Rechte betrogen zu werden, such deshalb immer eine gewerkschaftliche oder anwaltliche Beratung auf!<\/em><\/p>\n<ul>\n<li>K\u00fcndigungen m\u00fcssen als Brief kommen und unterschrieben sein! Ist die K\u00fcndigung nur m\u00fcndlich oder nicht unterschieben, biete deine Arbeitskraft weiter an oder arbeite weiter!<\/li>\n<li>die K\u00fcndigungsfrist muss dem Arbeitsvertrag entsprechen. Meistens kannst du noch mindestens vier Wochen arbeiten, bevor die K\u00fcndigung wirkt.<\/li>\n<li>unterschreibe keinen Aufhebungsvertrag, ohne vorher mit der <span class=\"caps\">FAU<\/span> oder einer anderen Beratung gesprochen zu haben! du k\u00f6nntest sonst viel Geld verlieren<\/li>\n<\/ul>\n","protected":false},"excerpt":{"rendered":"<p>Achtung, wir geben hier nur einen kurzen \u00dcberblick \u00fcber die wichtigsten, generellen Regeln, dass ersetzt keine juristische Beratung und es gibt oft Ausnahmen von der Regel. Wenn du das Gef\u00fchl hast, um deine Rechte betrogen zu werden, such deshalb immer eine gewerkschaftliche oder anwaltliche Beratung auf! K\u00fcndigungen m\u00fcssen als Brief kommen und unterschrieben sein! Ist &hellip; <\/p>\n<p class=\"link-more\"><a href=\"https:\/\/gruene-gewerke.fau.org\/?page_id=75\" class=\"more-link\"><span class=\"screen-reader-text\">\u201eK\u00fcndigung\u201c <\/span>weiterlesen<\/a><\/p>\n","protected":false},"author":1,"featured_media":0,"parent":65,"menu_order":0,"comment_status":"closed","ping_status":"closed","template":"","meta":{"footnotes":""},"class_list":["post-75","page","type-page","status-publish","hentry"],"_links":{"self":[{"href":"https:\/\/gruene-gewerke.fau.org\/index.php?rest_route=\/wp\/v2\/pages\/75","targetHints":{"allow":["GET"]}}],"collection":[{"href":"https:\/\/gruene-gewerke.fau.org\/index.php?rest_route=\/wp\/v2\/pages"}],"about":[{"href":"https:\/\/gruene-gewerke.fau.org\/index.php?rest_route=\/wp\/v2\/types\/page"}],"author":[{"embeddable":true,"href":"https:\/\/gruene-gewerke.fau.org\/index.php?rest_route=\/wp\/v2\/users\/1"}],"replies":[{"embeddable":true,"href":"https:\/\/gruene-gewerke.fau.org\/index.php?rest_route=%2Fwp%2Fv2%2Fcomments&post=75"}],"version-history":[{"count":1,"href":"https:\/\/gruene-gewerke.fau.org\/index.php?rest_route=\/wp\/v2\/pages\/75\/revisions"}],"predecessor-version":[{"id":76,"href":"https:\/\/gruene-gewerke.fau.org\/index.php?rest_route=\/wp\/v2\/pages\/75\/revisions\/76"}],"up":[{"embeddable":true,"href":"https:\/\/gruene-gewerke.fau.org\/index.php?rest_route=\/wp\/v2\/pages\/65"}],"wp:attachment":[{"href":"https:\/\/gruene-gewerke.fau.org\/index.php?rest_route=%2Fwp%2Fv2%2Fmedia&parent=75"}],"curies":[{"name":"wp","href":"https:\/\/api.w.org\/{rel}","templated":true}]}}