{"id":77,"date":"2023-11-14T13:28:23","date_gmt":"2023-11-14T13:28:23","guid":{"rendered":"https:\/\/gruene-gewerke.fau.org\/?page_id=77"},"modified":"2023-11-14T13:28:23","modified_gmt":"2023-11-14T13:28:23","slug":"urlaub","status":"publish","type":"page","link":"https:\/\/gruene-gewerke.fau.org\/?page_id=77","title":{"rendered":"Urlaub"},"content":{"rendered":"<p><em>Achtung, wir geben hier nur einen kurzen \u00dcberblick \u00fcber die wichtigsten, generellen Regeln, dass ersetzt keine juristische Beratung und es gibt oft Ausnahmen von der Regel. Wenn du das Gef\u00fchl hast, um deine Rechte betrogen zu werden, such deshalb immer eine gewerkschaftliche oder anwaltliche Beratung auf!<\/em><\/p>\n<ul>\n<li>du hast Anspruch auf bezahlten Urlaub<\/li>\n<li>sage deinem Chef so fr\u00fch wie m\u00f6glich, wann du Urlaubstage haben m\u00f6chtest (wenn du krank bist musst du keinen Urlaub nehmen)<\/li>\n<li>das hei\u00dft, dass du nicht arbeitest aber ca. 20 Tage\/Jahr (bei Vollzeit) trotzdem Geld bekommst<\/li>\n<li>auch wenn du nur drei Tage\/Woche arbeitest, hast du Anspruch auf Urlaub<\/li>\n<\/ul>\n","protected":false},"excerpt":{"rendered":"<p>Achtung, wir geben hier nur einen kurzen \u00dcberblick \u00fcber die wichtigsten, generellen Regeln, dass ersetzt keine juristische Beratung und es gibt oft Ausnahmen von der Regel. Wenn du das Gef\u00fchl hast, um deine Rechte betrogen zu werden, such deshalb immer eine gewerkschaftliche oder anwaltliche Beratung auf! du hast Anspruch auf bezahlten Urlaub sage deinem Chef &hellip; <\/p>\n<p class=\"link-more\"><a href=\"https:\/\/gruene-gewerke.fau.org\/?page_id=77\" class=\"more-link\"><span class=\"screen-reader-text\">\u201eUrlaub\u201c <\/span>weiterlesen<\/a><\/p>\n","protected":false},"author":1,"featured_media":0,"parent":65,"menu_order":0,"comment_status":"closed","ping_status":"closed","template":"","meta":{"footnotes":""},"class_list":["post-77","page","type-page","status-publish","hentry"],"_links":{"self":[{"href":"https:\/\/gruene-gewerke.fau.org\/index.php?rest_route=\/wp\/v2\/pages\/77","targetHints":{"allow":["GET"]}}],"collection":[{"href":"https:\/\/gruene-gewerke.fau.org\/index.php?rest_route=\/wp\/v2\/pages"}],"about":[{"href":"https:\/\/gruene-gewerke.fau.org\/index.php?rest_route=\/wp\/v2\/types\/page"}],"author":[{"embeddable":true,"href":"https:\/\/gruene-gewerke.fau.org\/index.php?rest_route=\/wp\/v2\/users\/1"}],"replies":[{"embeddable":true,"href":"https:\/\/gruene-gewerke.fau.org\/index.php?rest_route=%2Fwp%2Fv2%2Fcomments&post=77"}],"version-history":[{"count":1,"href":"https:\/\/gruene-gewerke.fau.org\/index.php?rest_route=\/wp\/v2\/pages\/77\/revisions"}],"predecessor-version":[{"id":78,"href":"https:\/\/gruene-gewerke.fau.org\/index.php?rest_route=\/wp\/v2\/pages\/77\/revisions\/78"}],"up":[{"embeddable":true,"href":"https:\/\/gruene-gewerke.fau.org\/index.php?rest_route=\/wp\/v2\/pages\/65"}],"wp:attachment":[{"href":"https:\/\/gruene-gewerke.fau.org\/index.php?rest_route=%2Fwp%2Fv2%2Fmedia&parent=77"}],"curies":[{"name":"wp","href":"https:\/\/api.w.org\/{rel}","templated":true}]}}