{"id":79,"date":"2023-11-14T13:29:12","date_gmt":"2023-11-14T13:29:12","guid":{"rendered":"https:\/\/gruene-gewerke.fau.org\/?page_id=79"},"modified":"2023-11-14T13:29:12","modified_gmt":"2023-11-14T13:29:12","slug":"arbeitszeit-und-ueberstunden","status":"publish","type":"page","link":"https:\/\/gruene-gewerke.fau.org\/?page_id=79","title":{"rendered":"Arbeitszeit und \u00dcberstunden"},"content":{"rendered":"<p><em>Achtung, wir geben hier nur einen kurzen \u00dcberblick \u00fcber die wichtigsten, generellen Regeln, dass ersetzt keine juristische Beratung und es gibt oft Ausnahmen von der Regel. Wenn du das Gef\u00fchl hast, um deine Rechte betrogen zu werden, such deshalb immer eine gewerkschaftliche oder anwaltliche Beratung auf!<\/em><\/p>\n<ul>\n<li>in der Landwirtschaft kann die regelm\u00e4\u00dfige Wochenarbeitszeit bei bis zu 48 Stunden an sechs Tagen die Woche liegen<\/li>\n<li>die Fahrt von einem Feld zum n\u00e4chsten ist Arbeitszeit<\/li>\n<li>zwischen zwei deiner Schichten muss dir eine Ruhezeit von mindestens 11 Stunden gew\u00e4hrt werden<\/li>\n<li>wenn nichts anderes verhandelt wurde (bspw. in deinem Arbeitsvertrag oder einem Tarifvertrag), k\u00f6nnen von dir \u00dcberstunden verlangt werden<\/li>\n<li>mehr als 10 Stunden musst du an einem Tag jedoch nie arbeiten<\/li>\n<li>\u00dcberstunden m\u00fcssen bezahlt werden.<\/li>\n<\/ul>\n","protected":false},"excerpt":{"rendered":"<p>Achtung, wir geben hier nur einen kurzen \u00dcberblick \u00fcber die wichtigsten, generellen Regeln, dass ersetzt keine juristische Beratung und es gibt oft Ausnahmen von der Regel. Wenn du das Gef\u00fchl hast, um deine Rechte betrogen zu werden, such deshalb immer eine gewerkschaftliche oder anwaltliche Beratung auf! in der Landwirtschaft kann die regelm\u00e4\u00dfige Wochenarbeitszeit bei bis &hellip; <\/p>\n<p class=\"link-more\"><a href=\"https:\/\/gruene-gewerke.fau.org\/?page_id=79\" class=\"more-link\"><span class=\"screen-reader-text\">\u201eArbeitszeit und \u00dcberstunden\u201c <\/span>weiterlesen<\/a><\/p>\n","protected":false},"author":1,"featured_media":0,"parent":65,"menu_order":0,"comment_status":"closed","ping_status":"closed","template":"","meta":{"footnotes":""},"class_list":["post-79","page","type-page","status-publish","hentry"],"_links":{"self":[{"href":"https:\/\/gruene-gewerke.fau.org\/index.php?rest_route=\/wp\/v2\/pages\/79","targetHints":{"allow":["GET"]}}],"collection":[{"href":"https:\/\/gruene-gewerke.fau.org\/index.php?rest_route=\/wp\/v2\/pages"}],"about":[{"href":"https:\/\/gruene-gewerke.fau.org\/index.php?rest_route=\/wp\/v2\/types\/page"}],"author":[{"embeddable":true,"href":"https:\/\/gruene-gewerke.fau.org\/index.php?rest_route=\/wp\/v2\/users\/1"}],"replies":[{"embeddable":true,"href":"https:\/\/gruene-gewerke.fau.org\/index.php?rest_route=%2Fwp%2Fv2%2Fcomments&post=79"}],"version-history":[{"count":1,"href":"https:\/\/gruene-gewerke.fau.org\/index.php?rest_route=\/wp\/v2\/pages\/79\/revisions"}],"predecessor-version":[{"id":80,"href":"https:\/\/gruene-gewerke.fau.org\/index.php?rest_route=\/wp\/v2\/pages\/79\/revisions\/80"}],"up":[{"embeddable":true,"href":"https:\/\/gruene-gewerke.fau.org\/index.php?rest_route=\/wp\/v2\/pages\/65"}],"wp:attachment":[{"href":"https:\/\/gruene-gewerke.fau.org\/index.php?rest_route=%2Fwp%2Fv2%2Fmedia&parent=79"}],"curies":[{"name":"wp","href":"https:\/\/api.w.org\/{rel}","templated":true}]}}