{"id":9,"date":"2023-11-14T09:36:01","date_gmt":"2023-11-14T09:36:01","guid":{"rendered":"https:\/\/gruene-gewerke.fau.org\/?page_id=9"},"modified":"2023-11-14T13:14:03","modified_gmt":"2023-11-14T13:14:03","slug":"ueber-uns","status":"publish","type":"page","link":"https:\/\/gruene-gewerke.fau.org\/?page_id=9","title":{"rendered":"Wer sind wir?"},"content":{"rendered":"\r\n<p>Hallo Kolleg:innen! Wir sind ein Teil der Gewerkschaftsf\u00f6deration <span class=\"caps\">FAU<\/span>, der Freien Arbeiter:innen-Union, und setzen uns gemeinsam als Initiative Gr\u00fcne Gewerke f\u00fcr die Verbesserung unserer Arbeits- und Lebensbedingungen in den Bereichen Landwirtschaft, Gartenbau, GaLa-Bau, Forst und Umweltberufe ein. In unseren Branchen k\u00e4mpfen wir u.a. f\u00fcr Arbeits- und Gesundheitsschutz, wollen zusammen f\u00fcreinander einstehen und uns gemeinsam f\u00fcr die Belange, Forderungen und K\u00e4mpfe jeder einzelnen Person einsetzen.<\/p>\r\n<p>Aktuell arbeiten wir daran, von einer Initiative zu einer stabilen Branchensektion innerhalb der FAU-F\u00f6deration anzuwachsen. Alle die uns auf diesem Weg begleiten m\u00f6chten, sind herzlich willkommen!<\/p>\r\n","protected":false},"excerpt":{"rendered":"<p>Hallo Kolleg:innen! Wir sind ein Teil der Gewerkschaftsf\u00f6deration FAU, der Freien Arbeiter:innen-Union, und setzen uns gemeinsam als Initiative Gr\u00fcne Gewerke f\u00fcr die Verbesserung unserer Arbeits- und Lebensbedingungen in den Bereichen Landwirtschaft, Gartenbau, GaLa-Bau, Forst und Umweltberufe ein. In unseren Branchen k\u00e4mpfen wir u.a. f\u00fcr Arbeits- und Gesundheitsschutz, wollen zusammen f\u00fcreinander einstehen und uns gemeinsam f\u00fcr &hellip; <\/p>\n<p class=\"link-more\"><a href=\"https:\/\/gruene-gewerke.fau.org\/?page_id=9\" class=\"more-link\"><span class=\"screen-reader-text\">\u201eWer sind wir?\u201c <\/span>weiterlesen<\/a><\/p>\n","protected":false},"author":1,"featured_media":0,"parent":0,"menu_order":0,"comment_status":"closed","ping_status":"closed","template":"","meta":{"footnotes":""},"class_list":["post-9","page","type-page","status-publish","hentry"],"_links":{"self":[{"href":"https:\/\/gruene-gewerke.fau.org\/index.php?rest_route=\/wp\/v2\/pages\/9","targetHints":{"allow":["GET"]}}],"collection":[{"href":"https:\/\/gruene-gewerke.fau.org\/index.php?rest_route=\/wp\/v2\/pages"}],"about":[{"href":"https:\/\/gruene-gewerke.fau.org\/index.php?rest_route=\/wp\/v2\/types\/page"}],"author":[{"embeddable":true,"href":"https:\/\/gruene-gewerke.fau.org\/index.php?rest_route=\/wp\/v2\/users\/1"}],"replies":[{"embeddable":true,"href":"https:\/\/gruene-gewerke.fau.org\/index.php?rest_route=%2Fwp%2Fv2%2Fcomments&post=9"}],"version-history":[{"count":4,"href":"https:\/\/gruene-gewerke.fau.org\/index.php?rest_route=\/wp\/v2\/pages\/9\/revisions"}],"predecessor-version":[{"id":60,"href":"https:\/\/gruene-gewerke.fau.org\/index.php?rest_route=\/wp\/v2\/pages\/9\/revisions\/60"}],"wp:attachment":[{"href":"https:\/\/gruene-gewerke.fau.org\/index.php?rest_route=%2Fwp%2Fv2%2Fmedia&parent=9"}],"curies":[{"name":"wp","href":"https:\/\/api.w.org\/{rel}","templated":true}]}}